{"id":49,"date":"2019-11-11T21:14:46","date_gmt":"2019-11-11T21:14:46","guid":{"rendered":"https:\/\/www.grupoarchiverosmm.es\/?page_id=49"},"modified":"2025-05-05T13:33:11","modified_gmt":"2025-05-05T13:33:11","slug":"historia","status":"publish","type":"page","link":"https:\/\/www.grupoarchiverosmm.es\/?page_id=49","title":{"rendered":"Nosotros"},"content":{"rendered":"\n<figure class=\"wp-block-gallery aligncenter has-nested-images columns-default is-cropped wp-block-gallery-1 is-layout-flex wp-block-gallery-is-layout-flex\">\n<figure class=\"wp-block-image size-large\"><img loading=\"lazy\" decoding=\"async\" width=\"271\" height=\"170\" data-id=\"143\" src=\"https:\/\/www.grupoarchiverosmm.es\/wp-content\/uploads\/2020\/04\/historia-1.jpg\" alt=\"\" class=\"wp-image-143\"\/><figcaption class=\"wp-element-caption\">GRUPO DE ARCHIVEROS MUNICIPALES DE MADRID<\/figcaption><\/figure>\n<\/figure>\n\n\n\n<p><\/p>\n\n\n\n<p>El Grupo de Archiveros Municipales de Madrid inici\u00f3 sus trabajos el 17 de septiembre de 1981, convocado por el Ayuntamiento de Alcobendas y su archivera Julia Mar\u00eda Rodr\u00edguez Barredo.<\/p>\n\n\n\n<p> En aquella primera reuni\u00f3n se establecieron los temas que merec\u00edan, casi podemos decir exig\u00edan, un atento examen para lograr que sus servicios de archivos se convirtieran en verdaderos servicios p\u00fablicos, siempre con el objetivo final de conservar, organizar y difundir los documentos municipales. <\/p>\n\n\n\n<p>En muy breve tiempo comenzaron a plantearse modelos de clasificaci\u00f3n, criterios de selecci\u00f3n, normalizaci\u00f3n de sistemas de trabajo, estudios de series, desarrollos de descripci\u00f3n y difusi\u00f3n. <\/p>\n\n\n\n<p>Poco a poco quedo claro que el intercambio de ideas, el trabajo en com\u00fan podr\u00eda convertirse en un apoyo esencial para unos profesionales que a principios de los ochenta a menudo se encontraban muy aislados dentro del entrono municipal. <\/p>\n\n\n\n<p>El foro que propicio ese intercambio fueron las Jornadas de Archivo Municipales, un espacio com\u00fan para exponer lo realizado durante dos a\u00f1os y escuchar cuantas opiniones y experiencias se estuvieran realizando en otros puntos del pa\u00eds. Desde 1982 se vienen celebrando las Jornadas T\u00e9cnicas en diferentes municipios. <\/p>\n\n\n\n<p><a href=\"https:\/\/www.comunidad.madrid\/archivos\/index.php\/es\/area-profesional\/publicaciones\">https:\/\/www.comunidad.madrid\/archivos\/index.php\/es\/area-profesional\/publicaciones<\/a><\/p>\n\n\n\n<ul class=\"wp-block-list\">\n<li><em><a href=\"https:\/\/www.anabad.org\/compilacion-de-manuales-de-tipologia-documental-de-los-municipios\/\">COMPILACION      DE MANUALES DE TIPOLOG\u00cdA DOCUMENTAL DE LOS MUNICIPIOS.<\/a><\/em><\/li>\n\n\n\n<li><em><a href=\"https:\/\/www.anabad.org\/xx-jornadas-de-archivos-municipales\/\">XX JORNADAS      DE ARCHIVOS MUNICIPALES: \u201c2018: ODISEA EN LOS ARCHIVOS, QUE LA  INTEROPERABILIDAD NOS ACOMPA\u00d1E\u201d .\u00a0<\/a>El Molar (Madrid), 15 y      16 de junio de 2017.<\/em><\/li>\n\n\n\n<li><em><a href=\"https:\/\/www.anabad.org\/xix-jornadas-de-archivos-municipales\/\">XIX      JORNADAS DE ARCHIVOS MUNICIPALES: \u201cGESTI\u00d3N DOCUMENTAL: SOLUCIONES PARA LA   E-ADMINISTRACI\u00d3N\u201d.\u00a0<\/a>\u00a0\u00a0Arroyomolinos, 23 y 24 de      marzo de 2013\u00a0\u00a0<\/em><\/li>\n\n\n\n<li><em>\u00a0<a href=\"https:\/\/www.anabad.org\/xviii-jornadas-de-archivos-municipales-thesauro-de-archivos-municipales-sp-453697621\/\">XVIII      JORNADAS DE ARCHIVOS MUNICIPALES: TESAURO DE ARCHIVOS MUNICIPALES.   PILARES DE LA E-ADMINISTRACI\u00d3N: CUADRO DE CLASIFICACI\u00d3N Y TESAURO.<\/a>\u00a0San      Sebasti\u00e1n de los Reyes, 27-28 de Mayo de 2010.<\/em><\/li>\n\n\n\n<li><em><a href=\"https:\/\/www.anabad.org\/xvii-jornadas-de-archivos-municipales-sp-1829857292\/\">XVII      JORNADAS DE ARCHIVOS MUNICIPALES: LOS ARCHIVOS MUNICIPALES Y LA      ADMINISTRACI\u00d3N ELECTR\u00d3NICA 1988-2008.<\/a>&nbsp;Madrid, 29-30 de      Mayo de 2008.<\/em><\/li>\n\n\n\n<li><em><a href=\"https:\/\/www.anabad.org\/xvi-jornadas-de-archivos-municipales\/\">XVI      JORNADAS DE ARCHIVOS MUNICIPALES. VENCER AL TIEMPO: CONSERVACI\u00d3N E      INSTALACI\u00d3N DE LOS DOCUMENTOS MUNICIPALES<\/a>. Alcobendas, 25-26 de      Mayo de 2006.<\/em><\/li>\n\n\n\n<li><em><a href=\"https:\/\/www.anabad.org\/xv-jornadas-de-archivos-municipales\/\">XV JORNADAS      DE ARCHIVOS MUNICIPALES. LA DESCRIPCI\u00d3N MULTINIVEL EN LOS ARCHIVOS   MUNICIPALES: LA NORMA ISAD(G).<\/a>\u00a0M\u00f3stoles, 27-28 de Mayo de      2004.<\/em><\/li>\n\n\n\n<li>\u00a0<em><a href=\"https:\/\/www.anabad.org\/xiv-jornadas-de-archivos-municipales\/\">XIV      JORNADAS DE ARCHIVOS MUNICIPALES. EL ACCESO A LOS DOCUMENTOS MUNICIPALES<\/a>.   Parla, 23-24 de Mayo de 2002.<\/em><\/li>\n\n\n\n<li><em><a href=\"https:\/\/www.anabad.org\/xiii-jornadas-de-archivos-municipales-sp-1850693014\/\">XIII      JORNADAS DE ARCHIVOS MUNICIPALES: EL ARCHIVERO: BALANCE Y PERSPECTIVAS.<\/a>\u00a0Valdemoro,   1-2 de Junio de 2000.<\/em><\/li>\n\n\n\n<li><em><a href=\"https:\/\/www.anabad.org\/xii-jornadas-de-archivos-municipales\/\">XII      JORNADAS DE ARCHIVOS MUNICIPALES: EL ARCHIVO EN EL ENTORNO CULTURAL.<\/a>\u00a0Coslada,   21-22 Mayo de 1998.<\/em><\/li>\n\n\n\n<li><em><a href=\"https:\/\/www.anabad.org\/xi-jornadas-de-archivos-municipales-sp-890664061\/\">XI JORNADAS      DE ARCHIVOS MUNICIPALES: LA ORGANIZACI\u00d3N DE DOCUMENTOS EN LOS ARCHIVOS DE      OFICINA.<\/a>2\u00aa Edici\u00f3n.Aranjuez, 23-24 de Mayo de 1996.<\/em><\/li>\n\n\n\n<li><em><a href=\"https:\/\/www.anabad.org\/x-jornadas-de-archivos-municipales-el-escorial-2-3-junio-1994\/\">X JORNADAS      DE ARCHIVOS MUNICIPALES:\u00a0<\/a>ARCHIVOS, INFORM\u00c1TICA Y NUEVOS  SOPORTES DOCUMENTALES.\u00a0El Escorial, 2-3 junio 1994.<\/em><\/li>\n\n\n\n<li><em><a href=\"https:\/\/www.anabad.org\/ix-jornadas-de-archivos-municipales-arganda-del-rey-4-5-junio-1992\/\">IX JORNADAS  DE ARCHIVOS MUNICIPALES:\u00a0<\/a>EL REGLAMENTO DEL ARCHIVERO  MUNICIPAL.\u00a0<\/em>Arganda del Rey, 4-5 junio de 1992<\/li>\n\n\n\n<li><em><a href=\"https:\/\/www.anabad.org\/viii-jornadas-de-archivos-municipales\/\">VIII JORNADAS DE ARCHIVOS MUNICIPALES:\u00a0LA PROFESI\u00d3N DE ARCHIVERO: PRESENTE  Y FUTURO DE LOS ARCHIVEROS MUNICIPALES.\u00a0<\/a><\/em>Getafe, 1991<\/li>\n\n\n\n<li><em><a href=\"https:\/\/www.anabad.org\/vii-jornadas-de-archivos-municipales\/\">VII  JORNADAS DE ARCHIVOS MUNICIPALES: EL EXPURGO EN LOS ARCHIVOS MUNICIPALES. PROPUESTA DE UN MANUAL.<\/a>\u00a0<\/em>Grupo de Archiveros Municipales de la Comunidad<br> de Madrid<\/li>\n<\/ul>\n\n\n\n<p>M\u00e1s informaci\u00f3n: <a href=\"https:\/\/www.grupoarchiverosmm.es\/wp-content\/uploads\/2025\/03\/Ponencia_GAMM_ANABAD2024-1.pdf\">https:\/\/www.grupoarchiverosmm.es\/wp-content\/uploads\/2025\/03\/Ponencia_GAMM_ANABAD2024-1.pdf<\/a><\/p>\n\n\n\n<div data-wp-interactive=\"core\/file\" class=\"wp-block-file\"><object data-wp-bind--hidden=\"!state.hasPdfPreview\" hidden class=\"wp-block-file__embed\" data=\"https:\/\/www.grupoarchiverosmm.es\/wp-content\/uploads\/2025\/03\/Ponencia_GAMM_ANABAD2024-1.pdf\" type=\"application\/pdf\" style=\"width:100%;height:600px\" aria-label=\"Incrustado de Ponencia_GAMM_ANABAD2024.\"><\/object><a id=\"wp-block-file--media-d3619f51-4de0-4d31-abc2-205addea1e29\" href=\"https:\/\/www.grupoarchiverosmm.es\/wp-content\/uploads\/2025\/03\/Ponencia_GAMM_ANABAD2024-1.pdf\">Ponencia_GAMM_ANABAD2024<\/a><a href=\"https:\/\/www.grupoarchiverosmm.es\/wp-content\/uploads\/2025\/03\/Ponencia_GAMM_ANABAD2024-1.pdf\" class=\"wp-block-file__button wp-element-button\" download aria-describedby=\"wp-block-file--media-d3619f51-4de0-4d31-abc2-205addea1e29\">Descarga<\/a><\/div>\n","protected":false},"excerpt":{"rendered":"<p>El Grupo de Archiveros Municipales de Madrid inici\u00f3 sus trabajos el 17 de septiembre de 1981, convocado por el Ayuntamiento de Alcobendas y su archivera Julia Mar\u00eda Rodr\u00edguez Barredo. En aquella primera reuni\u00f3n se&#46;&#46;&#46;<\/p>\n","protected":false},"author":1,"featured_media":142,"parent":0,"menu_order":0,"comment_status":"closed","ping_status":"closed","template":"","meta":{"footnotes":""},"class_list":["post-49","page","type-page","status-publish","has-post-thumbnail","hentry"],"_links":{"self":[{"href":"https:\/\/www.grupoarchiverosmm.es\/index.php?rest_route=\/wp\/v2\/pages\/49","targetHints":{"allow":["GET"]}}],"collection":[{"href":"https:\/\/www.grupoarchiverosmm.es\/index.php?rest_route=\/wp\/v2\/pages"}],"about":[{"href":"https:\/\/www.grupoarchiverosmm.es\/index.php?rest_route=\/wp\/v2\/types\/page"}],"author":[{"embeddable":true,"href":"https:\/\/www.grupoarchiverosmm.es\/index.php?rest_route=\/wp\/v2\/users\/1"}],"replies":[{"embeddable":true,"href":"https:\/\/www.grupoarchiverosmm.es\/index.php?rest_route=%2Fwp%2Fv2%2Fcomments&post=49"}],"version-history":[{"count":18,"href":"https:\/\/www.grupoarchiverosmm.es\/index.php?rest_route=\/wp\/v2\/pages\/49\/revisions"}],"predecessor-version":[{"id":1572,"href":"https:\/\/www.grupoarchiverosmm.es\/index.php?rest_route=\/wp\/v2\/pages\/49\/revisions\/1572"}],"wp:featuredmedia":[{"embeddable":true,"href":"https:\/\/www.grupoarchiverosmm.es\/index.php?rest_route=\/wp\/v2\/media\/142"}],"wp:attachment":[{"href":"https:\/\/www.grupoarchiverosmm.es\/index.php?rest_route=%2Fwp%2Fv2%2Fmedia&parent=49"}],"curies":[{"name":"wp","href":"https:\/\/api.w.org\/{rel}","templated":true}]}}