{"id":40,"date":"2019-11-11T21:04:59","date_gmt":"2019-11-11T21:04:59","guid":{"rendered":"https:\/\/www.grupoarchiverosmm.es\/?page_id=40"},"modified":"2025-02-23T16:15:39","modified_gmt":"2025-02-23T16:15:39","slug":"recursos","status":"publish","type":"page","link":"https:\/\/www.grupoarchiverosmm.es\/?page_id=40","title":{"rendered":"Recursos"},"content":{"rendered":"\n<figure class=\"wp-block-image size-full is-resized\"><img loading=\"lazy\" decoding=\"async\" width=\"1024\" height=\"768\" src=\"https:\/\/www.grupoarchiverosmm.es\/wp-content\/uploads\/2025\/02\/Gris-Simple-Diagrama-de-Ciclo-Diagrama-1-1.png\" alt=\"\" class=\"wp-image-1443\" style=\"width:245px;height:auto\" srcset=\"https:\/\/www.grupoarchiverosmm.es\/wp-content\/uploads\/2025\/02\/Gris-Simple-Diagrama-de-Ciclo-Diagrama-1-1.png 1024w, https:\/\/www.grupoarchiverosmm.es\/wp-content\/uploads\/2025\/02\/Gris-Simple-Diagrama-de-Ciclo-Diagrama-1-1-300x225.png 300w, https:\/\/www.grupoarchiverosmm.es\/wp-content\/uploads\/2025\/02\/Gris-Simple-Diagrama-de-Ciclo-Diagrama-1-1-768x576.png 768w\" sizes=\"auto, (max-width: 1024px) 100vw, 1024px\" \/><\/figure>\n\n\n\n<p><a href=\"https:\/\/www.boe.es\/biblioteca_juridica\/codigos\/codigo.php?id=092_Codigo_de_Archivos_y_Patrimonio_Documental&amp;tipo=C&amp;modo=2\" target=\"_blank\" rel=\"noreferrer noopener\">C\u00f3digo de Archivos y Patrimonio Documental<\/a> \u2014 El objeto del C\u00f3digo de Archivos y Patrimonio Documental es poner a disposici\u00f3n de los profesionales de esta rama del derecho una herramienta eficaz para desarrollar su actividad profesional. As\u00ed mismo pretende ser un instrumento \u00fatil para formadores y estudiantes interesados en el \u00e1mbito de los archivos, el patrimonio documental y la gesti\u00f3n documental.<\/p>\n\n\n\n<p><a href=\"https:\/\/administracionelectronica.gob.es\/pae_Home\/pae_Estrategias\/Archivo_electronico\/pae_Politica-de-gestion-de-documentos-electronicos.html\" target=\"_blank\" rel=\"noreferrer noopener\" aria-label=\"Modelo de pol\u00edtica de gesti\u00f3n de documentos electr\u00f3nicos para Entidade (abre en una nueva pesta\u00f1a)\">Modelo de pol\u00edtica de gesti\u00f3n de documentos electr\u00f3nicos para Entidade<\/a><a rel=\"noreferrer noopener\" href=\"https:\/\/www.google.com\/url?q=https%3A%2F%2Fadministracionelectronica.gob.es%2Fpae_Home%2Fpae_Actualidad%2Fpae_Noticias%2FAnio2017%2FMarzo%2FNoticia-2017-03-14-Disponible-el-Modelo-de-politica-de-gestion-de-documentos-electronicos-para-Entidades-Locales-PGD-eL.html%23.WNLmbzvhC1s&amp;sa=D&amp;sntz=1&amp;usg=AFQjCNFjAgbFDz14uZyi_wjdC7TwTKuMLg\" target=\"_blank\">s Locales<\/a> \u2014 Desarrollado por organizaciones valencianas de COSITAL, ATIAL junto con un grupo de archiveros y t\u00e9cnicos especializados en gesti\u00f3n documental contiene un modelo de pol\u00edtica de gesti\u00f3n documental local que Interesa a las EE.LL., especialmente de aqu\u00e9llas m\u00e1s peque\u00f1as.<\/p>\n\n\n\n<p><a href=\"https:\/\/administracionelectronica.gob.es\/pae_Home\/pae_Estrategias\/pae_Interoperabilidad_Inicio\/pae_Normas_tecnicas_de_interoperabilidad.html\" target=\"_blank\" rel=\"noreferrer noopener\" aria-label=\"Normas T\u00e9cnicas de Interoperabi (abre en una nueva pesta\u00f1a)\">Normas T\u00e9cnicas de Interoperabi<\/a><a rel=\"noreferrer noopener\" href=\"https:\/\/www.google.com\/url?q=https%3A%2F%2Fadministracionelectronica.gob.es%2Fpae_Home%2Fpae_Estrategias%2Fpae_Interoperabilidad_Inicio%2Fpae_Normas_tecnicas_de_interoperabilidad.html&amp;sa=D&amp;sntz=1&amp;usg=AFQjCNEro8EGGtpGIej9s1gLbyhcJUYLzg\" target=\"_blank\">lidad<\/a> \u2014 El Esquema Nacional de Interoperabilidad establece la serie de Normas T\u00e9cnicas de Interoperabilidad que son de obligado cumplimiento por las AA.PP. y que desarrollan aspectos concretos de la interoperabilidad entre las AA.PP. y con los ciudadanos. Se trata de las normas que siguen junto con sus gu\u00edas de aplicaci\u00f3n y otros documentos de apoyo:<\/p>\n\n\n\n<p><a href=\"http:\/\/www.google.com\/url?q=http%3A%2F%2Fadministracionelectronica.gob.es%2F&amp;sa=D&amp;sntz=1&amp;usg=AFQjCNEGDNsKUwUpFnBOgnRpNO_Af44mKA\" target=\"_blank\" rel=\"noreferrer noopener\">Portal Administraci\u00f3n Electr\u00f3nica<\/a> \u2014 El PAe recoge legislaci\u00f3n relativa a Administraci\u00f3n Electr\u00f3nica para el \u00e1mbito de la Administraci\u00f3n General del Estado, de las Comunidades Aut\u00f3nomas y de la Uni\u00f3n Europea.<\/p>\n\n\n\n<p><a rel=\"noreferrer noopener\" aria-label=\"PROTECCI\u00d3N DE DATOS Y AD (abre en una nueva pesta\u00f1a)\" href=\"https:\/\/www.aepd.es\/sites\/default\/files\/2019-09\/guia-proteccion-datos-administracion-local.pdf\" target=\"_blank\">PROTECCI\u00d3N DE DATOS Y AD<\/a><a rel=\"noreferrer noopener\" href=\"https:\/\/www.google.com\/url?q=https%3A%2F%2Fwww.aepd.es%2Fmedia%2Fguias%2Fguia-proteccion-datos-administracion-local.pdf&amp;sa=D&amp;sntz=1&amp;usg=AFQjCNG6yyYbA4nvFia2lyEtOpdzjr8unQ\" target=\"_blank\">MINISTRACI\u00d3N LOCAL<\/a> \u2014 En consecuencia, en esta Gu\u00eda se analizan los aspectos m\u00e1s relevantes del RGPD en relaci\u00f3n con los tratamientos de datos de la Administraci\u00f3n Local. La Gu\u00eda se completa, adem\u00e1s, con un cat\u00e1logo de preguntas frecuentes relativas a estos tratamientos, adaptadas al RGPD..<\/p>\n\n\n\n<p><a rel=\"noreferrer noopener\" href=\"https:\/\/administracionelectronica.gob.es\/ctt\/sia\" target=\"_blank\">SIA<\/a> &#8211;El Sistema de Informaci\u00f3n Administrativa es el inventario de informaci\u00f3n administrativa de la AGE, reglado por el art\u00edculo 9 del Esquema Nacional de Interoperabilidad, y actualizado de forma corresponsable por todos los Organismos participantes. Contiene la relaci\u00f3n de procedimientos y servicios de la AGE y las diferentes Administraciones P\u00fablicas participantes.<\/p>\n\n\n\n<p><a href=\"file:\/\/\/C:\/Users\/e.carracedo\/Downloads\/2024_Diccionario_conceptos_AE_10_ed.pdf\">Diccionario de Conceptos y T\u00e9rminos de la Administraci\u00f3n Electr\u00f3nica<\/a> &#8211;Se trata de una recopilaci\u00f3n de conceptos y t\u00e9rminos que engloban lo estrictamente administrativo y la \u2018transformaci\u00f3n digital ampliada\u2019 incluyendo la que da soporte a la sociedad de la informaci\u00f3n, los contratos p\u00fablicos, la factura electr\u00f3nica, el servicio de informaci\u00f3n inmediata, la firma biom\u00e9trica, los pagos en diferentes modalidades, el tele trabajo y la tele presencia y hasta procesos aun no regulados como redes sociales, voto, obliteraci\u00f3n de documentos, documentos sujetos a condiciones de lectura, etc. Adem\u00e1s, incluye todo lo relevante de Transparencia y Buen  Gobierno, Protecci\u00f3n de Datos, Reutilizaci\u00f3n de Informaci\u00f3n del Sector P\u00fablico, Accesibilidad.<\/p>\n\n\n\n<p><a href=\"https:\/\/www.cultura.gob.es\/cultura\/archivos\/recursos-profesionales\/bibliografia-para-opositores.html\" data-type=\"link\" data-id=\"https:\/\/www.cultura.gob.es\/cultura\/archivos\/recursos-profesionales\/bibliografia-para-opositores.html\">Bibliograf\u00eda para oposiciones de Archivos<\/a>&#8211;Se trata de una recopilaci\u00f3n de bibliograf\u00eda&nbsp;elaborada a partir de los temarios de las diferentes convocatorias existentes para los profesionales de los archivos. Este recurso bibliogr\u00e1fico ha sido realizado por la Biblioteca del&nbsp;<a href=\"https:\/\/www.cultura.gob.es\/cultura\/areas\/archivos\/mc\/centros\/cida\/portada.html\" target=\"_blank\" rel=\"noreferrer noopener\">CIDA<\/a> en coordinaci\u00f3n con las&nbsp;<a href=\"https:\/\/www.mcu.es\/ccbae\/es\/consulta\/busqueda.do\">Bibliotecas de los Archivos Estatales.<\/a><\/p>\n\n\n\n<p><\/p>\n","protected":false},"excerpt":{"rendered":"<p>C\u00f3digo de Archivos y Patrimonio Documental \u2014 El objeto del C\u00f3digo de Archivos y Patrimonio Documental es poner a disposici\u00f3n de los profesionales de esta rama del derecho una herramienta eficaz para desarrollar su&#46;&#46;&#46;<\/p>\n","protected":false},"author":1,"featured_media":1441,"parent":0,"menu_order":0,"comment_status":"closed","ping_status":"closed","template":"","meta":{"footnotes":""},"class_list":["post-40","page","type-page","status-publish","has-post-thumbnail","hentry"],"_links":{"self":[{"href":"https:\/\/www.grupoarchiverosmm.es\/index.php?rest_route=\/wp\/v2\/pages\/40","targetHints":{"allow":["GET"]}}],"collection":[{"href":"https:\/\/www.grupoarchiverosmm.es\/index.php?rest_route=\/wp\/v2\/pages"}],"about":[{"href":"https:\/\/www.grupoarchiverosmm.es\/index.php?rest_route=\/wp\/v2\/types\/page"}],"author":[{"embeddable":true,"href":"https:\/\/www.grupoarchiverosmm.es\/index.php?rest_route=\/wp\/v2\/users\/1"}],"replies":[{"embeddable":true,"href":"https:\/\/www.grupoarchiverosmm.es\/index.php?rest_route=%2Fwp%2Fv2%2Fcomments&post=40"}],"version-history":[{"count":16,"href":"https:\/\/www.grupoarchiverosmm.es\/index.php?rest_route=\/wp\/v2\/pages\/40\/revisions"}],"predecessor-version":[{"id":1487,"href":"https:\/\/www.grupoarchiverosmm.es\/index.php?rest_route=\/wp\/v2\/pages\/40\/revisions\/1487"}],"wp:featuredmedia":[{"embeddable":true,"href":"https:\/\/www.grupoarchiverosmm.es\/index.php?rest_route=\/wp\/v2\/media\/1441"}],"wp:attachment":[{"href":"https:\/\/www.grupoarchiverosmm.es\/index.php?rest_route=%2Fwp%2Fv2%2Fmedia&parent=40"}],"curies":[{"name":"wp","href":"https:\/\/api.w.org\/{rel}","templated":true}]}}